{"id":1247,"date":"2020-08-31T15:22:42","date_gmt":"2020-08-31T11:22:42","guid":{"rendered":"https:\/\/heritageislandestates.com\/nasi-pracownicy\/"},"modified":"2025-06-16T17:18:09","modified_gmt":"2025-06-16T13:18:09","slug":"nasi-pracownicy","status":"publish","type":"page","link":"https:\/\/heritageislandestates.com\/pl\/nasi-pracownicy\/","title":{"rendered":"Nasi pracownicy"},"content":{"rendered":"\t\t<div data-elementor-type=\"wp-page\" data-elementor-id=\"1247\" class=\"elementor elementor-1247 elementor-45\" data-elementor-settings=\"{&quot;element_pack_global_tooltip_width&quot;:{&quot;unit&quot;:&quot;px&quot;,&quot;size&quot;:&quot;&quot;,&quot;sizes&quot;:[]},&quot;element_pack_global_tooltip_width_tablet&quot;:{&quot;unit&quot;:&quot;px&quot;,&quot;size&quot;:&quot;&quot;,&quot;sizes&quot;:[]},&quot;element_pack_global_tooltip_width_mobile&quot;:{&quot;unit&quot;:&quot;px&quot;,&quot;size&quot;:&quot;&quot;,&quot;sizes&quot;:[]},&quot;element_pack_global_tooltip_padding&quot;:{&quot;unit&quot;:&quot;px&quot;,&quot;top&quot;:&quot;&quot;,&quot;right&quot;:&quot;&quot;,&quot;bottom&quot;:&quot;&quot;,&quot;left&quot;:&quot;&quot;,&quot;isLinked&quot;:true},&quot;element_pack_global_tooltip_padding_tablet&quot;:{&quot;unit&quot;:&quot;px&quot;,&quot;top&quot;:&quot;&quot;,&quot;right&quot;:&quot;&quot;,&quot;bottom&quot;:&quot;&quot;,&quot;left&quot;:&quot;&quot;,&quot;isLinked&quot;:true},&quot;element_pack_global_tooltip_padding_mobile&quot;:{&quot;unit&quot;:&quot;px&quot;,&quot;top&quot;:&quot;&quot;,&quot;right&quot;:&quot;&quot;,&quot;bottom&quot;:&quot;&quot;,&quot;left&quot;:&quot;&quot;,&quot;isLinked&quot;:true},&quot;element_pack_global_tooltip_border_radius&quot;:{&quot;unit&quot;:&quot;px&quot;,&quot;top&quot;:&quot;&quot;,&quot;right&quot;:&quot;&quot;,&quot;bottom&quot;:&quot;&quot;,&quot;left&quot;:&quot;&quot;,&quot;isLinked&quot;:true},&quot;element_pack_global_tooltip_border_radius_tablet&quot;:{&quot;unit&quot;:&quot;px&quot;,&quot;top&quot;:&quot;&quot;,&quot;right&quot;:&quot;&quot;,&quot;bottom&quot;:&quot;&quot;,&quot;left&quot;:&quot;&quot;,&quot;isLinked&quot;:true},&quot;element_pack_global_tooltip_border_radius_mobile&quot;:{&quot;unit&quot;:&quot;px&quot;,&quot;top&quot;:&quot;&quot;,&quot;right&quot;:&quot;&quot;,&quot;bottom&quot;:&quot;&quot;,&quot;left&quot;:&quot;&quot;,&quot;isLinked&quot;:true}}\" data-elementor-post-type=\"page\">\n\t\t\t\t\t\t<section class=\"elementor-section elementor-top-section elementor-element elementor-element-6c99c2a elementor-section-height-min-height elementor-section-boxed elementor-section-height-default elementor-section-items-middle\" data-id=\"6c99c2a\" data-element_type=\"section\" data-settings=\"{&quot;background_background&quot;:&quot;classic&quot;}\">\n\t\t\t\t\t\t\t<div class=\"elementor-background-overlay\"><\/div>\n\t\t\t\t\t\t\t<div class=\"elementor-container elementor-column-gap-default\">\n\t\t\t\t\t<div class=\"elementor-column elementor-col-100 elementor-top-column elementor-element elementor-element-5b54e7c\" data-id=\"5b54e7c\" data-element_type=\"column\">\n\t\t\t<div class=\"elementor-widget-wrap\">\n\t\t\t\t\t\t\t<\/div>\n\t\t<\/div>\n\t\t\t\t\t<\/div>\n\t\t<\/section>\n\t\t\t\t<section class=\"elementor-section elementor-top-section elementor-element elementor-element-1b85ed1 elementor-section-boxed elementor-section-height-default elementor-section-height-default\" data-id=\"1b85ed1\" data-element_type=\"section\" data-settings=\"{&quot;background_background&quot;:&quot;classic&quot;}\">\n\t\t\t\t\t\t<div class=\"elementor-container elementor-column-gap-no\">\n\t\t\t\t\t<div class=\"elementor-column elementor-col-100 elementor-top-column elementor-element elementor-element-83c332e\" data-id=\"83c332e\" data-element_type=\"column\">\n\t\t\t<div class=\"elementor-widget-wrap elementor-element-populated\">\n\t\t\t\t\t\t<section class=\"elementor-section elementor-inner-section elementor-element elementor-element-e6182ec elementor-section-boxed elementor-section-height-default elementor-section-height-default\" data-id=\"e6182ec\" data-element_type=\"section\">\n\t\t\t\t\t\t<div class=\"elementor-container elementor-column-gap-no\">\n\t\t\t\t\t<div class=\"elementor-column elementor-col-100 elementor-inner-column elementor-element elementor-element-f50ddf0\" data-id=\"f50ddf0\" data-element_type=\"column\">\n\t\t\t<div class=\"elementor-widget-wrap elementor-element-populated\">\n\t\t\t\t\t\t<div class=\"elementor-element elementor-element-74ce3af elementor-widget elementor-widget-heading\" data-id=\"74ce3af\" data-element_type=\"widget\" data-widget_type=\"heading.default\">\n\t\t\t\t<div class=\"elementor-widget-container\">\n\t\t\t\t\t<h1 class=\"elementor-heading-title elementor-size-default\">Nasi pracownicy<\/h1>\t\t\t\t<\/div>\n\t\t\t\t<\/div>\n\t\t\t\t<div class=\"elementor-element elementor-element-04d9ee7 elementor-widget elementor-widget-heading\" data-id=\"04d9ee7\" data-element_type=\"widget\" data-widget_type=\"heading.default\">\n\t\t\t\t<div class=\"elementor-widget-container\">\n\t\t\t\t\t<span class=\"elementor-heading-title elementor-size-default\">\n<\/span>\t\t\t\t<\/div>\n\t\t\t\t<\/div>\n\t\t\t\t<div class=\"elementor-element elementor-element-eb3a14c elementor-widget elementor-widget-text-editor\" data-id=\"eb3a14c\" data-element_type=\"widget\" data-widget_type=\"text-editor.default\">\n\t\t\t\t<div class=\"elementor-widget-container\">\n\t\t\t\t\t\t\t\t\t<p data-start=\"69\" data-end=\"161\"><strong data-start=\"69\" data-end=\"161\">Heritage Island Estates \u2013 Tw\u00f3j niezawodny partner na oceanie wyspiarskiej nieruchomo\u015bci!<\/strong><\/p>\n<p><\/p>\n<p data-start=\"163\" data-end=\"303\">Planujesz zakup nieruchomo\u015bci na Mauritiusie? Dom nad morzem? Inwestycje? Przeprowadzk\u0119 na sta\u0142e zamieszkanie? Trafi\u0142e\u015b we w\u0142a\u015bciwe miejsce!<\/p>\n<p><\/p>\n<p data-start=\"305\" data-end=\"1006\">Heritage Island Estates to jedyna firma na rynku nieruchomo\u015bci Mauritiusa, kt\u00f3rej szef posiada wykszta\u0142cenie specjalistyczne zdobyte w najlepszej na \u015bwiecie szkole biznesu \u2013 Harvard Business School. W naszej pracy opieramy si\u0119 na solidnej wiedzy, skutecznym do\u015bwiadczeniu oraz uzasadnionym ryzyku przedsi\u0119biorczym. Nasz zesp\u00f3\u0142 to unikalne po\u0142\u0105czenie pozornie niepasuj\u0105cych element\u00f3w. \u0141\u0105cz\u0105c m\u0105drych i do\u015bwiadczonych ekspert\u00f3w z bran\u017cy z m\u0142odymi i ambitnymi przysz\u0142ymi gwiazdami rynku nieruchomo\u015bci, stworzyli\u015bmy wysoce efektywny zesp\u00f3\u0142, kt\u00f3ry potrafi generowa\u0107 innowacyjne rozwi\u0105zania oraz podejmowa\u0107 przemy\u015blane decyzje dotycz\u0105ce zarz\u0105dzania ryzykiem \u2013 dzi\u0119ki temu nie ma dla nas rzeczy niemo\u017cliwych!<\/p>\n<p><\/p>\n<p data-start=\"1008\" data-end=\"1115\">Ekspertyza Heritage Island Estates pozwala nam \u015bwiadczy\u0107 wysokiej jako\u015bci us\u0142ugi w nast\u0119puj\u0105cych obszarach:<\/p>\n<ul data-start=\"1117\" data-end=\"1602\">\n<li data-start=\"1117\" data-end=\"1169\">\n<p data-start=\"1119\" data-end=\"1169\">sprzeda\u017c i wynajem nieruchomo\u015bci na Mauritiusie;<\/p>\n<\/li>\n<li data-start=\"1170\" data-end=\"1210\">\n<p data-start=\"1172\" data-end=\"1210\">relokacja rodzin i firm \u201epod klucz\u201d;<\/p>\n<\/li>\n<li data-start=\"1211\" data-end=\"1257\">\n<p data-start=\"1213\" data-end=\"1257\">inwestycje w nieruchomo\u015bci na Mauritiusie;<\/p>\n<\/li>\n<li data-start=\"1258\" data-end=\"1327\">\n<p data-start=\"1260\" data-end=\"1327\">rozw\u00f3j i realizacja projekt\u00f3w deweloperskich na wyspie Mauritius;<\/p>\n<\/li>\n<li data-start=\"1328\" data-end=\"1362\">\n<p data-start=\"1330\" data-end=\"1362\">rejestracja i obs\u0142uga biznesu;<\/p>\n<\/li>\n<li data-start=\"1363\" data-end=\"1420\">\n<p data-start=\"1365\" data-end=\"1420\">otwieranie kont bankowych dla firm i os\u00f3b prywatnych;<\/p>\n<\/li>\n<li data-start=\"1421\" data-end=\"1602\">\n<p data-start=\"1423\" data-end=\"1602\">uzyskiwanie pozwolenia na pobyt sta\u0142y oraz obywatelstwa na Mauritiusie, a tak\u017ce obywatelstwa za inwestycje w krajach Karaib\u00f3w oraz pobytu sta\u0142ego za inwestycje w krajach UE i ZEA.<\/p>\n<p data-start=\"1423\" data-end=\"1602\">Wiele firm pod\u0105\u017ca za trendami. Nielicznym udaje si\u0119 je tworzy\u0107. My w Heritage Island Estates tworzymy trendy!<\/p>\n<p data-start=\"1715\" data-end=\"1844\">Nie przegap swojej szansy, aby by\u0107 o krok przed innymi w \u015bwiecie mi\u0119dzynarodowych nieruchomo\u015bci razem z liderami naszego zespo\u0142u:<\/p>\n<\/li>\n<\/ul>\n\t\t\t\t\t\t\t\t<\/div>\n\t\t\t\t<\/div>\n\t\t\t\t\t<\/div>\n\t\t<\/div>\n\t\t\t\t\t<\/div>\n\t\t<\/section>\n\t\t\t\t\t<\/div>\n\t\t<\/div>\n\t\t\t\t\t<\/div>\n\t\t<\/section>\n\t\t\t\t<section class=\"elementor-section elementor-top-section elementor-element elementor-element-b40e1a0 elementor-section-boxed elementor-section-height-default elementor-section-height-default\" data-id=\"b40e1a0\" data-element_type=\"section\">\n\t\t\t\t\t\t<div class=\"elementor-container elementor-column-gap-default\">\n\t\t\t\t\t<div class=\"elementor-column elementor-col-33 elementor-top-column elementor-element elementor-element-67fc1c7\" data-id=\"67fc1c7\" data-element_type=\"column\">\n\t\t\t<div class=\"elementor-widget-wrap elementor-element-populated\">\n\t\t\t\t\t\t<div class=\"elementor-element elementor-element-c07d0a2 elementor-widget elementor-widget-link-in-bio\" data-id=\"c07d0a2\" data-element_type=\"widget\" data-widget_type=\"link-in-bio.default\">\n\t\t\t\t<div class=\"elementor-widget-container\">\n\t\t\t\t\t\t\t<div class=\"e-link-in-bio e-link-in-bio\">\n\t\t\t<div class=\"e-link-in-bio__content\">\n\n\t\t\t\t\t\t<div class=\"e-link-in-bio__identity\">\n\t\t\t\t\t\t\t\t\t<div class=\"e-link-in-bio__identity-image e-link-in-bio__identity-image-profile has-style-circle\">\n\t\t\t\t\t\t\t<img fetchpriority=\"high\" decoding=\"async\" width=\"200\" height=\"300\" src=\"https:\/\/heritageislandestates.com\/wp-content\/uploads\/2025\/05\/IMG_9545-200x300.jpg\" class=\"e-link-in-bio__identity-image-element\" alt=\"\" srcset=\"https:\/\/heritageislandestates.com\/wp-content\/uploads\/2025\/05\/IMG_9545-200x300.jpg 200w, https:\/\/heritageislandestates.com\/wp-content\/uploads\/2025\/05\/IMG_9545-683x1024.jpg 683w, https:\/\/heritageislandestates.com\/wp-content\/uploads\/2025\/05\/IMG_9545-768x1152.jpg 768w, https:\/\/heritageislandestates.com\/wp-content\/uploads\/2025\/05\/IMG_9545-1024x1536.jpg 1024w, https:\/\/heritageislandestates.com\/wp-content\/uploads\/2025\/05\/IMG_9545-1365x2048.jpg 1365w, https:\/\/heritageislandestates.com\/wp-content\/uploads\/2025\/05\/IMG_9545-scaled.jpg 1707w\" sizes=\"(max-width: 200px) 100vw, 200px\" \/>\t\t\t\t\t\t\t\t\t\t\t\t\t<\/div>\n\t\t\t\t\t\t\t<\/div>\n\t\t\t\t\t<div class=\"e-link-in-bio__bio\">\n\t\t\t\t<h2 class=\"e-link-in-bio__heading\">DIMITRIS<\/h2>\t\t\t\t<h3 class=\"e-link-in-bio__title\">G\u0142\u00f3wny Specjalista ds. Inwestycji<\/h3>\t\t\t\t\t\t\t\t<p class=\"e-link-in-bio__description\">Zarabiajmy razem na tej rajskiej wyspie!<\/p>\t\t\t<\/div>\n\t\t\t\t\t<div class=\"e-link-in-bio__icons has-size-small\">\n\t\t\t\t\t\t\t<div class=\"e-link-in-bio__icon is-size-small\">\n\t\t\t\t\t<a aria-label=\"Email\" class=\"e-link-in-bio__icon-link\" href=\"mailto:dimitri@heritageislandestates.com\">\n\t\t\t\t\t\t<span class=\"e-link-in-bio__icon-svg\">\n\t\t\t\t\t\t\t<i aria-hidden=\"true\" class=\"fas fa-envelope\"><\/i>\t\t\t\t\t\t<\/span>\n\t\t\t\t\t\t\t\t\t\t\t<\/a>\n\t\t\t\t<\/div>\n\t\t\t\t\t\t\t<div class=\"e-link-in-bio__icon is-size-small\">\n\t\t\t\t\t<a href=\"https:\/\/www.youtube.com\/@MauritiusHeritageIslandEstates\" target=\"_blank\" rel=\"noopener \" aria-label=\"YouTube\" class=\"e-link-in-bio__icon-link\">\n\t\t\t\t\t\t<span class=\"e-link-in-bio__icon-svg\">\n\t\t\t\t\t\t\t<i aria-hidden=\"true\" class=\"fab fa-youtube\"><\/i>\t\t\t\t\t\t<\/span>\n\t\t\t\t\t\t\t\t\t\t\t<\/a>\n\t\t\t\t<\/div>\n\t\t\t\t\t\t\t<div class=\"e-link-in-bio__icon is-size-small\">\n\t\t\t\t\t<a aria-label=\"WhatsApp\" class=\"e-link-in-bio__icon-link\" href=\"https:\/\/wa.me\/+23052970979\">\n\t\t\t\t\t\t<span class=\"e-link-in-bio__icon-svg\">\n\t\t\t\t\t\t\t<i aria-hidden=\"true\" class=\"fab fa-whatsapp\"><\/i>\t\t\t\t\t\t<\/span>\n\t\t\t\t\t\t\t\t\t\t\t<\/a>\n\t\t\t\t<\/div>\n\t\t\t\t\t<\/div>\n\t\t\n\t\t<div class=\"e-link-in-bio__ctas has-type-button\">\n\t\t\t\t\t\t\t<a class=\"e-link-in-bio__cta is-type-button has-corners-rounded\" href=\"mailto:dimitri@heritageislandestates.com\">\n\t\t\t\t\t\t\t\t\t\t<span class=\"e-link-in-bio__cta-text\">\n\t\t\t\t\t\tSkontaktowa\u0107 si\u0119\t\t\t\t\t<\/span>\n\t\t\t\t<\/a>\n\t\t\t\t\t<\/div>\n\t\t\n\t\t\t<\/div>\n\t\t\t<div class=\"e-link-in-bio__bg\">\n\t\t\t\t<div class=\"e-link-in-bio__bg-overlay\"><\/div>\n\t\t\t<\/div>\n\t\t<\/div>\n\t\t\t\t\t\t<\/div>\n\t\t\t\t<\/div>\n\t\t\t\t\t<\/div>\n\t\t<\/div>\n\t\t\t\t<div class=\"elementor-column elementor-col-33 elementor-top-column elementor-element elementor-element-e431b79\" data-id=\"e431b79\" data-element_type=\"column\">\n\t\t\t<div class=\"elementor-widget-wrap elementor-element-populated\">\n\t\t\t\t\t\t<div class=\"elementor-element elementor-element-2ac76c9 elementor-widget elementor-widget-link-in-bio\" data-id=\"2ac76c9\" data-element_type=\"widget\" data-widget_type=\"link-in-bio.default\">\n\t\t\t\t<div class=\"elementor-widget-container\">\n\t\t\t\t\t\t\t<div class=\"e-link-in-bio e-link-in-bio\">\n\t\t\t<div class=\"e-link-in-bio__content\">\n\n\t\t\t\t\t\t<div class=\"e-link-in-bio__identity\">\n\t\t\t\t\t\t\t\t\t<div class=\"e-link-in-bio__identity-image e-link-in-bio__identity-image-profile has-style-circle\">\n\t\t\t\t\t\t\t<img decoding=\"async\" width=\"300\" height=\"286\" src=\"https:\/\/heritageislandestates.com\/wp-content\/uploads\/2025\/05\/photo_2025-05-30_12-18-32-300x286.jpg\" class=\"e-link-in-bio__identity-image-element\" alt=\"\" srcset=\"https:\/\/heritageislandestates.com\/wp-content\/uploads\/2025\/05\/photo_2025-05-30_12-18-32-300x286.jpg 300w, https:\/\/heritageislandestates.com\/wp-content\/uploads\/2025\/05\/photo_2025-05-30_12-18-32-1024x976.jpg 1024w, https:\/\/heritageislandestates.com\/wp-content\/uploads\/2025\/05\/photo_2025-05-30_12-18-32-768x732.jpg 768w, https:\/\/heritageislandestates.com\/wp-content\/uploads\/2025\/05\/photo_2025-05-30_12-18-32.jpg 1153w\" sizes=\"(max-width: 300px) 100vw, 300px\" \/>\t\t\t\t\t\t\t\t\t\t\t\t\t<\/div>\n\t\t\t\t\t\t\t<\/div>\n\t\t\t\t\t<div class=\"e-link-in-bio__bio\">\n\t\t\t\t<h2 class=\"e-link-in-bio__heading\">DARIA<\/h2>\t\t\t\t<h3 class=\"e-link-in-bio__title\">Kierownik ds. Rozwoju Biznesu<\/h3>\t\t\t\t\t\t\t\t<p class=\"e-link-in-bio__description\">Rozszerzam nasze miejsce pod maurytyjskim s\u0142o\u0144cem<\/p>\t\t\t<\/div>\n\t\t\t\t\t<div class=\"e-link-in-bio__icons has-size-small\">\n\t\t\t\t\t\t\t<div class=\"e-link-in-bio__icon is-size-small\">\n\t\t\t\t\t<a aria-label=\"Email\" class=\"e-link-in-bio__icon-link\" href=\"mailto:daria@heritageislandestates.com\">\n\t\t\t\t\t\t<span class=\"e-link-in-bio__icon-svg\">\n\t\t\t\t\t\t\t<i aria-hidden=\"true\" class=\"fas fa-envelope\"><\/i>\t\t\t\t\t\t<\/span>\n\t\t\t\t\t\t\t\t\t\t\t<\/a>\n\t\t\t\t<\/div>\n\t\t\t\t\t\t\t<div class=\"e-link-in-bio__icon is-size-small\">\n\t\t\t\t\t<a href=\"https:\/\/www.youtube.com\/@MauritiusHeritageIslandEstates\" target=\"_blank\" rel=\"noopener \" aria-label=\"YouTube\" class=\"e-link-in-bio__icon-link\">\n\t\t\t\t\t\t<span class=\"e-link-in-bio__icon-svg\">\n\t\t\t\t\t\t\t<i aria-hidden=\"true\" class=\"fab fa-youtube\"><\/i>\t\t\t\t\t\t<\/span>\n\t\t\t\t\t\t\t\t\t\t\t<\/a>\n\t\t\t\t<\/div>\n\t\t\t\t\t\t\t<div class=\"e-link-in-bio__icon is-size-small\">\n\t\t\t\t\t<a aria-label=\"WhatsApp\" class=\"e-link-in-bio__icon-link\" href=\"https:\/\/wa.me\/+23059090907\">\n\t\t\t\t\t\t<span class=\"e-link-in-bio__icon-svg\">\n\t\t\t\t\t\t\t<i aria-hidden=\"true\" class=\"fab fa-whatsapp\"><\/i>\t\t\t\t\t\t<\/span>\n\t\t\t\t\t\t\t\t\t\t\t<\/a>\n\t\t\t\t<\/div>\n\t\t\t\t\t<\/div>\n\t\t\n\t\t<div class=\"e-link-in-bio__ctas has-type-button\">\n\t\t\t\t\t\t\t<a class=\"e-link-in-bio__cta is-type-button has-corners-rounded\" href=\"mailto:daria@heritageislandestates.com\">\n\t\t\t\t\t\t\t\t\t\t<span class=\"e-link-in-bio__cta-text\">\n\t\t\t\t\t\tSkontaktowa\u0107 si\u0119\t\t\t\t\t<\/span>\n\t\t\t\t<\/a>\n\t\t\t\t\t<\/div>\n\t\t\n\t\t\t<\/div>\n\t\t\t<div class=\"e-link-in-bio__bg\">\n\t\t\t\t<div class=\"e-link-in-bio__bg-overlay\"><\/div>\n\t\t\t<\/div>\n\t\t<\/div>\n\t\t\t\t\t\t<\/div>\n\t\t\t\t<\/div>\n\t\t\t\t\t<\/div>\n\t\t<\/div>\n\t\t\t\t<div class=\"elementor-column elementor-col-33 elementor-top-column elementor-element elementor-element-0820587\" data-id=\"0820587\" data-element_type=\"column\">\n\t\t\t<div class=\"elementor-widget-wrap elementor-element-populated\">\n\t\t\t\t\t\t<div class=\"elementor-element elementor-element-c3665ff elementor-widget elementor-widget-link-in-bio\" data-id=\"c3665ff\" data-element_type=\"widget\" data-widget_type=\"link-in-bio.default\">\n\t\t\t\t<div class=\"elementor-widget-container\">\n\t\t\t\t\t\t\t<div class=\"e-link-in-bio e-link-in-bio\">\n\t\t\t<div class=\"e-link-in-bio__content\">\n\n\t\t\t\t\t\t<div class=\"e-link-in-bio__identity\">\n\t\t\t\t\t\t\t\t\t<div class=\"e-link-in-bio__identity-image e-link-in-bio__identity-image-profile has-style-circle\">\n\t\t\t\t\t\t\t<img decoding=\"async\" width=\"262\" height=\"300\" src=\"https:\/\/heritageislandestates.com\/wp-content\/uploads\/2025\/06\/photo_2025-02-14_13-28-33-262x300.jpg\" class=\"e-link-in-bio__identity-image-element\" alt=\"\" srcset=\"https:\/\/heritageislandestates.com\/wp-content\/uploads\/2025\/06\/photo_2025-02-14_13-28-33-262x300.jpg 262w, https:\/\/heritageislandestates.com\/wp-content\/uploads\/2025\/06\/photo_2025-02-14_13-28-33-768x881.jpg 768w, https:\/\/heritageislandestates.com\/wp-content\/uploads\/2025\/06\/photo_2025-02-14_13-28-33.jpg 837w\" sizes=\"(max-width: 262px) 100vw, 262px\" \/>\t\t\t\t\t\t\t\t\t\t\t\t\t<\/div>\n\t\t\t\t\t\t\t<\/div>\n\t\t\t\t\t<div class=\"e-link-in-bio__bio\">\n\t\t\t\t<h2 class=\"e-link-in-bio__heading\">VITALI<\/h2>\t\t\t\t<h3 class=\"e-link-in-bio__title\">Kierownik ds. Sprzeda\u017cy<\/h3>\t\t\t\t\t\t\t\t<p class=\"e-link-in-bio__description\">Posiadam na wyspie najszersze portfolio \u0142atwo zbywalnych nieruchomo\u015bci<\/p>\t\t\t<\/div>\n\t\t\t\t\t<div class=\"e-link-in-bio__icons has-size-small\">\n\t\t\t\t\t\t\t<div class=\"e-link-in-bio__icon is-size-small\">\n\t\t\t\t\t<a aria-label=\"Email\" class=\"e-link-in-bio__icon-link\" href=\"mailto:info@heritageislandestates.com\">\n\t\t\t\t\t\t<span class=\"e-link-in-bio__icon-svg\">\n\t\t\t\t\t\t\t<i aria-hidden=\"true\" class=\"fas fa-envelope\"><\/i>\t\t\t\t\t\t<\/span>\n\t\t\t\t\t\t\t\t\t\t\t<\/a>\n\t\t\t\t<\/div>\n\t\t\t\t\t\t\t<div class=\"e-link-in-bio__icon is-size-small\">\n\t\t\t\t\t<a href=\"https:\/\/www.youtube.com\/@MauritiusHeritageIslandEstates\" target=\"_blank\" rel=\"noopener \" aria-label=\"YouTube\" class=\"e-link-in-bio__icon-link\">\n\t\t\t\t\t\t<span class=\"e-link-in-bio__icon-svg\">\n\t\t\t\t\t\t\t<i aria-hidden=\"true\" class=\"fab fa-youtube\"><\/i>\t\t\t\t\t\t<\/span>\n\t\t\t\t\t\t\t\t\t\t\t<\/a>\n\t\t\t\t<\/div>\n\t\t\t\t\t\t\t<div class=\"e-link-in-bio__icon is-size-small\">\n\t\t\t\t\t<a aria-label=\"WhatsApp\" class=\"e-link-in-bio__icon-link\" href=\"https:\/\/wa.me\/+23059090907\">\n\t\t\t\t\t\t<span class=\"e-link-in-bio__icon-svg\">\n\t\t\t\t\t\t\t<i aria-hidden=\"true\" class=\"fab fa-whatsapp\"><\/i>\t\t\t\t\t\t<\/span>\n\t\t\t\t\t\t\t\t\t\t\t<\/a>\n\t\t\t\t<\/div>\n\t\t\t\t\t<\/div>\n\t\t\n\t\t<div class=\"e-link-in-bio__ctas has-type-button\">\n\t\t\t\t\t\t\t<a class=\"e-link-in-bio__cta is-type-button has-corners-rounded\" href=\"mailto:info@heritageislandestates.com\">\n\t\t\t\t\t\t\t\t\t\t<span class=\"e-link-in-bio__cta-text\">\n\t\t\t\t\t\tSkontaktowa\u0107 si\u0119\t\t\t\t\t<\/span>\n\t\t\t\t<\/a>\n\t\t\t\t\t<\/div>\n\t\t\n\t\t\t<\/div>\n\t\t\t<div class=\"e-link-in-bio__bg\">\n\t\t\t\t<div class=\"e-link-in-bio__bg-overlay\"><\/div>\n\t\t\t<\/div>\n\t\t<\/div>\n\t\t\t\t\t\t<\/div>\n\t\t\t\t<\/div>\n\t\t\t\t\t<\/div>\n\t\t<\/div>\n\t\t\t\t\t<\/div>\n\t\t<\/section>\n\t\t\t\t<section class=\"elementor-section elementor-top-section elementor-element elementor-element-fd30b7b elementor-section-boxed elementor-section-height-default elementor-section-height-default\" data-id=\"fd30b7b\" data-element_type=\"section\">\n\t\t\t\t\t\t<div class=\"elementor-container elementor-column-gap-default\">\n\t\t\t\t\t<div class=\"elementor-column elementor-col-100 elementor-top-column elementor-element elementor-element-88b14d2\" data-id=\"88b14d2\" data-element_type=\"column\">\n\t\t\t<div class=\"elementor-widget-wrap elementor-element-populated\">\n\t\t\t\t\t\t<div class=\"elementor-element elementor-element-dbb1346 elementor-widget elementor-widget-text-editor\" data-id=\"dbb1346\" data-element_type=\"widget\" data-widget_type=\"text-editor.default\">\n\t\t\t\t<div class=\"elementor-widget-container\">\n\t\t\t\t\t\t\t\t\t<p data-start=\"87\" data-end=\"322\"><strong data-start=\"87\" data-end=\"148\">Uwa\u017casz, \u017ce mo\u017cesz osi\u0105gn\u0105\u0107 nowe szczyty w naszej firmie?<\/strong><br data-start=\"148\" data-end=\"151\" \/>Zapraszamy do do\u0142\u0105czenia do zespo\u0142u Heritage Island Estates! Zawsze aktywnie poszukujemy zar\u00f3wno m\u0142odych i ambitnych, jak i do\u015bwiadczonych oraz odnosz\u0105cych sukcesy os\u00f3b.<\/p>\n<p><\/p>\n<p data-start=\"324\" data-end=\"397\">Czekamy na Twoje CV oraz list motywacyjny przes\u0142ane na nasz adres e-mail.<\/p>\n\t\t\t\t\t\t\t\t<\/div>\n\t\t\t\t<\/div>\n\t\t\t\t\t<\/div>\n\t\t<\/div>\n\t\t\t\t\t<\/div>\n\t\t<\/section>\n\t\t\t\t<\/div>\n\t\t","protected":false},"excerpt":{"rendered":"<p>Nasi pracownicy Heritage Island Estates \u2013 Tw\u00f3j niezawodny partner na oceanie wyspiarskiej nieruchomo\u015bci! Planujesz zakup nieruchomo\u015bci na Mauritiusie? Dom nad morzem? Inwestycje? Przeprowadzk\u0119 na sta\u0142e zamieszkanie? Trafi\u0142e\u015b we w\u0142a\u015bciwe miejsce! Heritage Island Estates to jedyna firma na rynku nieruchomo\u015bci Mauritiusa, kt\u00f3rej szef posiada wykszta\u0142cenie specjalistyczne zdobyte w najlepszej na \u015bwiecie szkole biznesu \u2013 Harvard Business [&hellip;]<\/p>\n","protected":false},"author":1,"featured_media":0,"parent":0,"menu_order":0,"comment_status":"closed","ping_status":"closed","template":"elementor_header_footer","meta":{"footnotes":""},"class_list":["post-1247","page","type-page","status-publish","hentry"],"_links":{"self":[{"href":"https:\/\/heritageislandestates.com\/pl\/wp-json\/wp\/v2\/pages\/1247","targetHints":{"allow":["GET"]}}],"collection":[{"href":"https:\/\/heritageislandestates.com\/pl\/wp-json\/wp\/v2\/pages"}],"about":[{"href":"https:\/\/heritageislandestates.com\/pl\/wp-json\/wp\/v2\/types\/page"}],"author":[{"embeddable":true,"href":"https:\/\/heritageislandestates.com\/pl\/wp-json\/wp\/v2\/users\/1"}],"replies":[{"embeddable":true,"href":"https:\/\/heritageislandestates.com\/pl\/wp-json\/wp\/v2\/comments?post=1247"}],"version-history":[{"count":4,"href":"https:\/\/heritageislandestates.com\/pl\/wp-json\/wp\/v2\/pages\/1247\/revisions"}],"predecessor-version":[{"id":1451,"href":"https:\/\/heritageislandestates.com\/pl\/wp-json\/wp\/v2\/pages\/1247\/revisions\/1451"}],"wp:attachment":[{"href":"https:\/\/heritageislandestates.com\/pl\/wp-json\/wp\/v2\/media?parent=1247"}],"curies":[{"name":"wp","href":"https:\/\/api.w.org\/{rel}","templated":true}]}}