{"id":1238,"date":"2020-08-31T15:21:09","date_gmt":"2020-08-31T11:21:09","guid":{"rendered":"https:\/\/heritageislandestates.com\/inwestycje\/"},"modified":"2025-02-23T19:29:27","modified_gmt":"2025-02-23T15:29:27","slug":"inwestycje","status":"publish","type":"page","link":"https:\/\/heritageislandestates.com\/pl\/inwestycje\/","title":{"rendered":"Inwestycje"},"content":{"rendered":"\t\t<div data-elementor-type=\"wp-page\" data-elementor-id=\"1238\" class=\"elementor elementor-1238 elementor-811\" data-elementor-settings=\"{&quot;element_pack_global_tooltip_width&quot;:{&quot;unit&quot;:&quot;px&quot;,&quot;size&quot;:&quot;&quot;,&quot;sizes&quot;:[]},&quot;element_pack_global_tooltip_width_tablet&quot;:{&quot;unit&quot;:&quot;px&quot;,&quot;size&quot;:&quot;&quot;,&quot;sizes&quot;:[]},&quot;element_pack_global_tooltip_width_mobile&quot;:{&quot;unit&quot;:&quot;px&quot;,&quot;size&quot;:&quot;&quot;,&quot;sizes&quot;:[]},&quot;element_pack_global_tooltip_padding&quot;:{&quot;unit&quot;:&quot;px&quot;,&quot;top&quot;:&quot;&quot;,&quot;right&quot;:&quot;&quot;,&quot;bottom&quot;:&quot;&quot;,&quot;left&quot;:&quot;&quot;,&quot;isLinked&quot;:true},&quot;element_pack_global_tooltip_padding_tablet&quot;:{&quot;unit&quot;:&quot;px&quot;,&quot;top&quot;:&quot;&quot;,&quot;right&quot;:&quot;&quot;,&quot;bottom&quot;:&quot;&quot;,&quot;left&quot;:&quot;&quot;,&quot;isLinked&quot;:true},&quot;element_pack_global_tooltip_padding_mobile&quot;:{&quot;unit&quot;:&quot;px&quot;,&quot;top&quot;:&quot;&quot;,&quot;right&quot;:&quot;&quot;,&quot;bottom&quot;:&quot;&quot;,&quot;left&quot;:&quot;&quot;,&quot;isLinked&quot;:true},&quot;element_pack_global_tooltip_border_radius&quot;:{&quot;unit&quot;:&quot;px&quot;,&quot;top&quot;:&quot;&quot;,&quot;right&quot;:&quot;&quot;,&quot;bottom&quot;:&quot;&quot;,&quot;left&quot;:&quot;&quot;,&quot;isLinked&quot;:true},&quot;element_pack_global_tooltip_border_radius_tablet&quot;:{&quot;unit&quot;:&quot;px&quot;,&quot;top&quot;:&quot;&quot;,&quot;right&quot;:&quot;&quot;,&quot;bottom&quot;:&quot;&quot;,&quot;left&quot;:&quot;&quot;,&quot;isLinked&quot;:true},&quot;element_pack_global_tooltip_border_radius_mobile&quot;:{&quot;unit&quot;:&quot;px&quot;,&quot;top&quot;:&quot;&quot;,&quot;right&quot;:&quot;&quot;,&quot;bottom&quot;:&quot;&quot;,&quot;left&quot;:&quot;&quot;,&quot;isLinked&quot;:true}}\" data-elementor-post-type=\"page\">\n\t\t\t\t\t\t<section class=\"elementor-section elementor-top-section elementor-element elementor-element-5613fdc elementor-section-height-min-height elementor-section-boxed elementor-section-height-default elementor-section-items-middle\" data-id=\"5613fdc\" data-element_type=\"section\" data-settings=\"{&quot;background_background&quot;:&quot;classic&quot;}\">\n\t\t\t\t\t\t\t<div class=\"elementor-background-overlay\"><\/div>\n\t\t\t\t\t\t\t<div class=\"elementor-container elementor-column-gap-default\">\n\t\t\t\t\t<div class=\"elementor-column elementor-col-100 elementor-top-column elementor-element elementor-element-f8c5b23\" data-id=\"f8c5b23\" data-element_type=\"column\">\n\t\t\t<div class=\"elementor-widget-wrap\">\n\t\t\t\t\t\t\t<\/div>\n\t\t<\/div>\n\t\t\t\t\t<\/div>\n\t\t<\/section>\n\t\t\t\t<section class=\"elementor-section elementor-top-section elementor-element elementor-element-fd5c0b7 elementor-section-boxed elementor-section-height-default elementor-section-height-default\" data-id=\"fd5c0b7\" data-element_type=\"section\" data-settings=\"{&quot;background_background&quot;:&quot;classic&quot;}\">\n\t\t\t\t\t\t<div class=\"elementor-container elementor-column-gap-no\">\n\t\t\t\t\t<div class=\"elementor-column elementor-col-100 elementor-top-column elementor-element elementor-element-f75d409\" data-id=\"f75d409\" data-element_type=\"column\">\n\t\t\t<div class=\"elementor-widget-wrap elementor-element-populated\">\n\t\t\t\t\t\t<section class=\"elementor-section elementor-inner-section elementor-element elementor-element-2ecdf14 elementor-section-boxed elementor-section-height-default elementor-section-height-default\" data-id=\"2ecdf14\" data-element_type=\"section\">\n\t\t\t\t\t\t<div class=\"elementor-container elementor-column-gap-no\">\n\t\t\t\t\t<div class=\"elementor-column elementor-col-100 elementor-inner-column elementor-element elementor-element-45a8e72\" data-id=\"45a8e72\" data-element_type=\"column\">\n\t\t\t<div class=\"elementor-widget-wrap elementor-element-populated\">\n\t\t\t\t\t\t<div class=\"elementor-element elementor-element-bf8b35e elementor-widget elementor-widget-heading\" data-id=\"bf8b35e\" data-element_type=\"widget\" data-widget_type=\"heading.default\">\n\t\t\t\t<div class=\"elementor-widget-container\">\n\t\t\t\t\t<h1 class=\"elementor-heading-title elementor-size-default\">Inwestycje w nieruchomo\u015bci na Mauritiusie<\/h1>\t\t\t\t<\/div>\n\t\t\t\t<\/div>\n\t\t\t\t<div class=\"elementor-element elementor-element-9a1ff1e elementor-widget elementor-widget-text-editor\" data-id=\"9a1ff1e\" data-element_type=\"widget\" data-widget_type=\"text-editor.default\">\n\t\t\t\t<div class=\"elementor-widget-container\">\n\t\t\t\t\t\t\t\t\t<p>Heritage Island Estates oferuje dochodowe inwestycje w nieruchomo\u015bci na Mauritiusie. Nie tylko zaproponujemy Ci zakup willi lub mieszkania na Mauritiusie i nazwijemy to inwestycj\u0105. Nasze portfolio obejmuje ponad 10 p\u0142ynnych projekt\u00f3w deweloperskich nieruchomo\u015bci mieszkaniowych, hotelowych, biurowych i handlowych w najbardziej obiecuj\u0105cych lokalizacjach na wyspie.<\/p>\n<p>Na podstawie solidnej wiedzy i 10-letniego do\u015bwiadczenia w inwestycjach nieruchomo\u015bciowych na ca\u0142ym \u015bwiecie, w\u0142a\u015bciciel i dyrektor Heritage Island Estates, Dmitry Ulianov, osobi\u015bcie wybiera dzia\u0142ki oraz rozwija projekty dla osiedli mieszkaniowych, inwestycji, centr\u00f3w handlowych i biurowych, kt\u00f3re zapewni\u0105 maksymaln\u0105 rentowno\u015b\u0107 przy minimalnym ryzyku na danej dzia\u0142ce. Nie kopiujemy projekt\u00f3w z innych firm. Tworzymy dok\u0142adnie te projekty, kt\u00f3re najlepiej odpowiadaj\u0105 Twoim celom i zadaniom inwestycyjnym w nieruchomo\u015bci na wyspie.<\/p>\n<p>Je\u015bli interesuj\u0105 Ci\u0119 inwestycje d\u0142ugoterminowe, mo\u017cemy zaproponowa\u0107 kilka wysokooprocentowanych projekt\u00f3w w bud\u017cetach od 8 000 000 euro, a tak\u017ce zorganizujemy zarz\u0105dzanie nieruchomo\u015bciami na zasadzie \u201epod klucz\u201d z ROI z wynajmu na poziomie co najmniej 12% w pierwszym roku dzia\u0142alno\u015bci!<\/p>\n<p>Dla inwestor\u00f3w preferuj\u0105cych inwestycje \u015brednioterminowe oferujemy kompleksow\u0105 realizacj\u0119 projekt\u00f3w nieruchomo\u015bci mieszkaniowych i komercyjnych na zasadzie \u201epod klucz\u201d w bud\u017cetach od 1 800 000 euro, kiedy nasz zesp\u00f3\u0142 zajmuje si\u0119 rozwojem projektu, uzyskaniem wszystkich pozwole\u0144, budow\u0105 i sprzeda\u017c\u0105 nieruchomo\u015bci, zapewniaj\u0105c inwestorowi pasywny doch\u00f3d ze zrealizowanego projektu w wysoko\u015bci 100% inwestycji w ci\u0105gu 3,5-4,5 roku.<\/p>\n<p>Nasza firma oferuje r\u00f3wnie\u017c inwestycje w dzia\u0142ki na Mauritiusie. Ziemia to zas\u00f3b ograniczony, dlatego inwestowanie w ziemi\u0119 to zawsze s\u0142uszna decyzja, poniewa\u017c ziemia stale dro\u017ceje. Ale jak przewidzie\u0107, kiedy dana dzia\u0142ka stanie si\u0119 dro\u017csza? Co zrobi\u0107, je\u015bli chcesz osi\u0105gn\u0105\u0107 zysk z inwestycji w ziemi\u0119 w ci\u0105gu 4-5 lat, a nie dziesi\u0119cioleci? Heritage Island Estates specjalizuje si\u0119 w \u015brednioterminowych inwestycjach (4-8 lat) w ziemi\u0119 na Mauritiusie. Nasze portfolio obejmuje ponad 25 wysoko rentownych dzia\u0142ek, kt\u00f3rych cena zaczyna si\u0119 od 1 miliona euro, kt\u00f3re przynios\u0105 Ci wysokie zyski zar\u00f3wno przy odsprzeda\u017cy, jak i przy realizacji projektu deweloperskiego w przysz\u0142o\u015bci.<\/p>\n<p>Dla inwestor\u00f3w nieruchomo\u015bciowych, kt\u00f3rzy wol\u0105 zwi\u0119kszy\u0107 rentowno\u015b\u0107 poprzez pozyskanie finansowania bankowego, oferujemy korzystne warunki kredytowe na projekty deweloperskie z wiod\u0105cych bank\u00f3w na Mauritiusie.<\/p>\n<p>Heritage Island Estates to nie tylko firma inwestycyjna i deweloperska, ale tak\u017ce agencja nieruchomo\u015bci oferuj\u0105ca kompleksow\u0105 obs\u0142ug\u0119, a my dok\u0142adnie wiemy, kt\u00f3ry projekt nale\u017cy zaoferowa\u0107 rynkowi dzi\u015b, aby uzyska\u0107 maksymaln\u0105 rentowno\u015b\u0107 i p\u0142ynno\u015b\u0107, a dost\u0119p do informacji z wewn\u0119trznych \u017ar\u00f3de\u0142 pozwala nam efektywnie zarz\u0105dza\u0107 ryzykiem.<\/p>\n<p>Oferuj\u0105c Ci inwestycje w projekt deweloperski lub dzia\u0142k\u0119 na Mauritiusie, zawsze wchodzimy w te projekty jako partnerzy, co pozwala nam by\u0107 w tej samej \u0142\u00f3dce z inwestorami, a Ty mo\u017cesz mie\u0107 pewno\u015b\u0107, \u017ce Twoje inwestycje s\u0105 w bezpiecznych r\u0119kach, poniewa\u017c zarabiamy tylko wtedy, gdy Ty zarabiasz!<\/p>\n<p>Wiele firm pod\u0105\u017ca za trendami, a tylko niekt\u00f3re z nich potrafi\u0105 je tworzy\u0107. A my w Heritage Island Estates tworzymy trendy!<\/p>\n<p>Tw\u00f3j bezpo\u015bredni kontakt w sprawie inwestycji nieruchomo\u015bciowych na Mauritiusie:<\/p>\n<p>Dmitry Ulianov<\/p>\n<p>+230 52 970 979 (WhatsApp, Telegram)<\/p>\n<p><a href=\"mailto:dimitri@heritageislandestates.com\">dimitri@heritageislandestates.com<\/a><\/p>\n\t\t\t\t\t\t\t\t<\/div>\n\t\t\t\t<\/div>\n\t\t\t\t\t<\/div>\n\t\t<\/div>\n\t\t\t\t\t<\/div>\n\t\t<\/section>\n\t\t\t\t\t<\/div>\n\t\t<\/div>\n\t\t\t\t\t<\/div>\n\t\t<\/section>\n\t\t\t\t<\/div>\n\t\t","protected":false},"excerpt":{"rendered":"<p>Inwestycje w nieruchomo\u015bci na Mauritiusie Heritage Island Estates oferuje dochodowe inwestycje w nieruchomo\u015bci na Mauritiusie. Nie tylko zaproponujemy Ci zakup willi lub mieszkania na Mauritiusie i nazwijemy to inwestycj\u0105. Nasze portfolio obejmuje ponad 10 p\u0142ynnych projekt\u00f3w deweloperskich nieruchomo\u015bci mieszkaniowych, hotelowych, biurowych i handlowych w najbardziej obiecuj\u0105cych lokalizacjach na wyspie. Na podstawie solidnej wiedzy i 10-letniego [&hellip;]<\/p>\n","protected":false},"author":1,"featured_media":0,"parent":0,"menu_order":0,"comment_status":"closed","ping_status":"closed","template":"elementor_header_footer","meta":{"footnotes":""},"class_list":["post-1238","page","type-page","status-publish","hentry"],"_links":{"self":[{"href":"https:\/\/heritageislandestates.com\/pl\/wp-json\/wp\/v2\/pages\/1238","targetHints":{"allow":["GET"]}}],"collection":[{"href":"https:\/\/heritageislandestates.com\/pl\/wp-json\/wp\/v2\/pages"}],"about":[{"href":"https:\/\/heritageislandestates.com\/pl\/wp-json\/wp\/v2\/types\/page"}],"author":[{"embeddable":true,"href":"https:\/\/heritageislandestates.com\/pl\/wp-json\/wp\/v2\/users\/1"}],"replies":[{"embeddable":true,"href":"https:\/\/heritageislandestates.com\/pl\/wp-json\/wp\/v2\/comments?post=1238"}],"version-history":[{"count":3,"href":"https:\/\/heritageislandestates.com\/pl\/wp-json\/wp\/v2\/pages\/1238\/revisions"}],"predecessor-version":[{"id":1250,"href":"https:\/\/heritageislandestates.com\/pl\/wp-json\/wp\/v2\/pages\/1238\/revisions\/1250"}],"wp:attachment":[{"href":"https:\/\/heritageislandestates.com\/pl\/wp-json\/wp\/v2\/media?parent=1238"}],"curies":[{"name":"wp","href":"https:\/\/api.w.org\/{rel}","templated":true}]}}